{"id":122,"date":"2009-09-29T12:55:42","date_gmt":"2009-09-29T12:55:42","guid":{"rendered":"http:\/\/frankitberatung.wordpress.com\/?page_id=122"},"modified":"2016-02-23T11:44:20","modified_gmt":"2016-02-23T11:44:20","slug":"info","status":"publish","type":"page","link":"https:\/\/frank-it-projekte.de\/blog\/info\/","title":{"rendered":"\u00dcber dieses Blog"},"content":{"rendered":"<p><a href=\"http:\/\/frank-it-beratung.com\/blog\/wp-content\/uploads\/2009\/09\/simon200x200.jpg\"><img loading=\"lazy\" decoding=\"async\" data-attachment-id=\"1214\" data-permalink=\"https:\/\/frank-it-projekte.de\/blog\/kontakt-impressum\/simon200x200\/\" data-orig-file=\"https:\/\/frank-it-projekte.de\/blog\/wp-content\/uploads\/2009\/09\/simon200x200.jpg\" data-orig-size=\"200,200\" data-comments-opened=\"1\" data-image-meta=\"{&quot;aperture&quot;:&quot;0&quot;,&quot;credit&quot;:&quot;&quot;,&quot;camera&quot;:&quot;&quot;,&quot;caption&quot;:&quot;&quot;,&quot;created_timestamp&quot;:&quot;0&quot;,&quot;copyright&quot;:&quot;&quot;,&quot;focal_length&quot;:&quot;0&quot;,&quot;iso&quot;:&quot;0&quot;,&quot;shutter_speed&quot;:&quot;0&quot;,&quot;title&quot;:&quot;&quot;}\" data-image-title=\"simon200x200\" data-image-description=\"\" data-image-caption=\"\" data-large-file=\"https:\/\/frank-it-projekte.de\/blog\/wp-content\/uploads\/2009\/09\/simon200x200.jpg\" class=\"alignleft wp-image-1214 size-full\" src=\"http:\/\/frank-it-beratung.com\/blog\/wp-content\/uploads\/2009\/09\/simon200x200.jpg\" alt=\"simon200x200\" width=\"200\" height=\"200\" srcset=\"https:\/\/frank-it-projekte.de\/blog\/wp-content\/uploads\/2009\/09\/simon200x200.jpg 200w, https:\/\/frank-it-projekte.de\/blog\/wp-content\/uploads\/2009\/09\/simon200x200-150x150.jpg 150w\" sizes=\"auto, (max-width: 200px) 100vw, 200px\" \/><\/a>Im <strong>&#8222;Socialweb Dev-Blog&#8220;<\/strong> schreibt seit September 2009 Dr. Simon A. Frank, Webentwickler und Berater f\u00fcr (Web-)Kultur, etwa 1-2x pro Monat \u00fcber aktuelle Themen der Web- und Social-Media-Programmierung. Das Spektrum reicht von Tutorials f\u00fcr Einsteiger bis hin zu Tipps&amp;Tricks f\u00fcr Profis.<\/p>\n<p>Themen sind u. a. API-Programmierung von Facebook, WordPress, Twitter, Google+; OAuth; Webprogrammierung und Webtechnologien (CSS, JavaScript, XML); Programmiersprachen: PHP, Perl, C# und hin und wieder auch zu Visual Basic.<\/p>\n<p>Mehr \u00fcber Dr. Simon A. Frank: <a href=\"http:\/\/www.Frank-IT-Beratung.de\" target=\"_blank\">www.Frank-IT-Beratung.de<\/a><\/p>\n<p>Haben Ihnen meine Tutorials, Blogposts oder Tools\u00a0weitergeholfen? Dann lesen Sie <a title=\"Haben Ihnen meine Tutorials, Blogposts oder Tools\u00a0weitergeholfen?\" href=\"http:\/\/frank-it-beratung.com\/danke\/\">hier<\/a> weiter!<\/p>\n<p>Kontakt siehe <a title=\"Kontakt\" href=\"http:\/\/frank-it-beratung.de\/blog\/kontakt-impressum\/\">Impressum<\/a>.<\/p>\n","protected":false},"excerpt":{"rendered":"<p>Im &#8222;Socialweb Dev-Blog&#8220; schreibt seit September 2009 Dr. Simon A. Frank, Webentwickler und Berater f\u00fcr (Web-)Kultur, etwa 1-2x pro Monat \u00fcber aktuelle Themen der Web- und Social-Media-Programmierung. Das Spektrum reicht von Tutorials f\u00fcr Einsteiger bis hin zu Tipps&amp;Tricks f\u00fcr Profis. &hellip; <a href=\"https:\/\/frank-it-projekte.de\/blog\/info\/\">Weiterlesen <span class=\"meta-nav\">&rarr;<\/span><\/a><\/p>\n","protected":false},"author":2,"featured_media":0,"parent":0,"menu_order":5,"comment_status":"closed","ping_status":"closed","template":"","meta":{"jetpack_post_was_ever_published":false,"footnotes":""},"class_list":["post-122","page","type-page","status-publish","hentry"],"yoast_head":"<!-- This site is optimized with the Yoast SEO plugin v27.5 - https:\/\/yoast.com\/product\/yoast-seo-wordpress\/ -->\n<title>\u00dcber dieses Blog - Socialweb Dev-Blog \/\/ Frank-IT-Beratung<\/title>\n<meta name=\"robots\" content=\"index, follow, max-snippet:-1, max-image-preview:large, max-video-preview:-1\" \/>\n<link rel=\"canonical\" href=\"https:\/\/frank-it-projekte.de\/blog\/info\/\" \/>\n<meta property=\"og:locale\" content=\"de_DE\" \/>\n<meta property=\"og:type\" content=\"article\" \/>\n<meta property=\"og:title\" content=\"\u00dcber dieses Blog - Socialweb Dev-Blog \/\/ Frank-IT-Beratung\" \/>\n<meta property=\"og:description\" content=\"Im &#8222;Socialweb Dev-Blog&#8220; schreibt seit September 2009 Dr. Simon A. Frank, Webentwickler und Berater f\u00fcr (Web-)Kultur, etwa 1-2x pro Monat \u00fcber aktuelle Themen der Web- und Social-Media-Programmierung. Das Spektrum reicht von Tutorials f\u00fcr Einsteiger bis hin zu Tipps&amp;Tricks f\u00fcr Profis. &hellip; Weiterlesen &rarr;\" \/>\n<meta property=\"og:url\" content=\"https:\/\/frank-it-projekte.de\/blog\/info\/\" \/>\n<meta property=\"og:site_name\" content=\"Socialweb Dev-Blog \/\/ Frank-IT-Beratung\" \/>\n<meta property=\"article:modified_time\" content=\"2016-02-23T11:44:20+00:00\" \/>\n<meta property=\"og:image\" content=\"http:\/\/frank-it-beratung.com\/blog\/wp-content\/uploads\/2009\/09\/simon200x200.jpg\" \/>\n<meta name=\"twitter:card\" content=\"summary_large_image\" \/>\n<meta name=\"twitter:label1\" content=\"Gesch\u00e4tzte Lesezeit\" \/>\n\t<meta name=\"twitter:data1\" content=\"1\u00a0Minute\" \/>\n<script type=\"application\/ld+json\" class=\"yoast-schema-graph\">{\"@context\":\"https:\\\/\\\/schema.org\",\"@graph\":[{\"@type\":\"WebPage\",\"@id\":\"https:\\\/\\\/frank-it-projekte.de\\\/blog\\\/info\\\/\",\"url\":\"https:\\\/\\\/frank-it-projekte.de\\\/blog\\\/info\\\/\",\"name\":\"\u00dcber dieses Blog - Socialweb Dev-Blog \\\/\\\/ Frank-IT-Beratung\",\"isPartOf\":{\"@id\":\"https:\\\/\\\/frank-it-projekte.de\\\/blog\\\/#website\"},\"primaryImageOfPage\":{\"@id\":\"https:\\\/\\\/frank-it-projekte.de\\\/blog\\\/info\\\/#primaryimage\"},\"image\":{\"@id\":\"https:\\\/\\\/frank-it-projekte.de\\\/blog\\\/info\\\/#primaryimage\"},\"thumbnailUrl\":\"http:\\\/\\\/frank-it-beratung.com\\\/blog\\\/wp-content\\\/uploads\\\/2009\\\/09\\\/simon200x200.jpg\",\"datePublished\":\"2009-09-29T12:55:42+00:00\",\"dateModified\":\"2016-02-23T11:44:20+00:00\",\"breadcrumb\":{\"@id\":\"https:\\\/\\\/frank-it-projekte.de\\\/blog\\\/info\\\/#breadcrumb\"},\"inLanguage\":\"de\",\"potentialAction\":[{\"@type\":\"ReadAction\",\"target\":[\"https:\\\/\\\/frank-it-projekte.de\\\/blog\\\/info\\\/\"]}]},{\"@type\":\"ImageObject\",\"inLanguage\":\"de\",\"@id\":\"https:\\\/\\\/frank-it-projekte.de\\\/blog\\\/info\\\/#primaryimage\",\"url\":\"http:\\\/\\\/frank-it-beratung.com\\\/blog\\\/wp-content\\\/uploads\\\/2009\\\/09\\\/simon200x200.jpg\",\"contentUrl\":\"http:\\\/\\\/frank-it-beratung.com\\\/blog\\\/wp-content\\\/uploads\\\/2009\\\/09\\\/simon200x200.jpg\"},{\"@type\":\"BreadcrumbList\",\"@id\":\"https:\\\/\\\/frank-it-projekte.de\\\/blog\\\/info\\\/#breadcrumb\",\"itemListElement\":[{\"@type\":\"ListItem\",\"position\":1,\"name\":\"Startseite\",\"item\":\"https:\\\/\\\/frank-it-projekte.de\\\/blog\\\/\"},{\"@type\":\"ListItem\",\"position\":2,\"name\":\"\u00dcber dieses Blog\"}]},{\"@type\":\"WebSite\",\"@id\":\"https:\\\/\\\/frank-it-projekte.de\\\/blog\\\/#website\",\"url\":\"https:\\\/\\\/frank-it-projekte.de\\\/blog\\\/\",\"name\":\"Socialweb Dev-Blog \\\/\\\/ Frank-IT-Beratung\",\"description\":\"Social-Media und Web-Entwicklung: Tutorials und Tipps von Simon A. Frank\",\"publisher\":{\"@id\":\"https:\\\/\\\/frank-it-projekte.de\\\/blog\\\/#\\\/schema\\\/person\\\/e31d0c55b9277739ef6c87d5e7bb47a2\"},\"potentialAction\":[{\"@type\":\"SearchAction\",\"target\":{\"@type\":\"EntryPoint\",\"urlTemplate\":\"https:\\\/\\\/frank-it-projekte.de\\\/blog\\\/?s={search_term_string}\"},\"query-input\":{\"@type\":\"PropertyValueSpecification\",\"valueRequired\":true,\"valueName\":\"search_term_string\"}}],\"inLanguage\":\"de\"},{\"@type\":[\"Person\",\"Organization\"],\"@id\":\"https:\\\/\\\/frank-it-projekte.de\\\/blog\\\/#\\\/schema\\\/person\\\/e31d0c55b9277739ef6c87d5e7bb47a2\",\"name\":\"Simon A. Frank\",\"image\":{\"@type\":\"ImageObject\",\"inLanguage\":\"de\",\"@id\":\"https:\\\/\\\/frank-it-beratung.de\\\/blog\\\/wp-content\\\/uploads\\\/2009\\\/09\\\/simon200x200.jpg\",\"url\":\"https:\\\/\\\/frank-it-beratung.de\\\/blog\\\/wp-content\\\/uploads\\\/2009\\\/09\\\/simon200x200.jpg\",\"contentUrl\":\"https:\\\/\\\/frank-it-beratung.de\\\/blog\\\/wp-content\\\/uploads\\\/2009\\\/09\\\/simon200x200.jpg\",\"width\":200,\"height\":200,\"caption\":\"Simon A. Frank\"},\"logo\":{\"@id\":\"https:\\\/\\\/frank-it-beratung.de\\\/blog\\\/wp-content\\\/uploads\\\/2009\\\/09\\\/simon200x200.jpg\"}}]}<\/script>\n<!-- \/ Yoast SEO plugin. -->","yoast_head_json":{"title":"\u00dcber dieses Blog - Socialweb Dev-Blog \/\/ Frank-IT-Beratung","robots":{"index":"index","follow":"follow","max-snippet":"max-snippet:-1","max-image-preview":"max-image-preview:large","max-video-preview":"max-video-preview:-1"},"canonical":"https:\/\/frank-it-projekte.de\/blog\/info\/","og_locale":"de_DE","og_type":"article","og_title":"\u00dcber dieses Blog - Socialweb Dev-Blog \/\/ Frank-IT-Beratung","og_description":"Im &#8222;Socialweb Dev-Blog&#8220; schreibt seit September 2009 Dr. Simon A. Frank, Webentwickler und Berater f\u00fcr (Web-)Kultur, etwa 1-2x pro Monat \u00fcber aktuelle Themen der Web- und Social-Media-Programmierung. Das Spektrum reicht von Tutorials f\u00fcr Einsteiger bis hin zu Tipps&amp;Tricks f\u00fcr Profis. &hellip; Weiterlesen &rarr;","og_url":"https:\/\/frank-it-projekte.de\/blog\/info\/","og_site_name":"Socialweb Dev-Blog \/\/ Frank-IT-Beratung","article_modified_time":"2016-02-23T11:44:20+00:00","og_image":[{"url":"http:\/\/frank-it-beratung.com\/blog\/wp-content\/uploads\/2009\/09\/simon200x200.jpg","type":"","width":"","height":""}],"twitter_card":"summary_large_image","twitter_misc":{"Gesch\u00e4tzte Lesezeit":"1\u00a0Minute"},"schema":{"@context":"https:\/\/schema.org","@graph":[{"@type":"WebPage","@id":"https:\/\/frank-it-projekte.de\/blog\/info\/","url":"https:\/\/frank-it-projekte.de\/blog\/info\/","name":"\u00dcber dieses Blog - Socialweb Dev-Blog \/\/ Frank-IT-Beratung","isPartOf":{"@id":"https:\/\/frank-it-projekte.de\/blog\/#website"},"primaryImageOfPage":{"@id":"https:\/\/frank-it-projekte.de\/blog\/info\/#primaryimage"},"image":{"@id":"https:\/\/frank-it-projekte.de\/blog\/info\/#primaryimage"},"thumbnailUrl":"http:\/\/frank-it-beratung.com\/blog\/wp-content\/uploads\/2009\/09\/simon200x200.jpg","datePublished":"2009-09-29T12:55:42+00:00","dateModified":"2016-02-23T11:44:20+00:00","breadcrumb":{"@id":"https:\/\/frank-it-projekte.de\/blog\/info\/#breadcrumb"},"inLanguage":"de","potentialAction":[{"@type":"ReadAction","target":["https:\/\/frank-it-projekte.de\/blog\/info\/"]}]},{"@type":"ImageObject","inLanguage":"de","@id":"https:\/\/frank-it-projekte.de\/blog\/info\/#primaryimage","url":"http:\/\/frank-it-beratung.com\/blog\/wp-content\/uploads\/2009\/09\/simon200x200.jpg","contentUrl":"http:\/\/frank-it-beratung.com\/blog\/wp-content\/uploads\/2009\/09\/simon200x200.jpg"},{"@type":"BreadcrumbList","@id":"https:\/\/frank-it-projekte.de\/blog\/info\/#breadcrumb","itemListElement":[{"@type":"ListItem","position":1,"name":"Startseite","item":"https:\/\/frank-it-projekte.de\/blog\/"},{"@type":"ListItem","position":2,"name":"\u00dcber dieses Blog"}]},{"@type":"WebSite","@id":"https:\/\/frank-it-projekte.de\/blog\/#website","url":"https:\/\/frank-it-projekte.de\/blog\/","name":"Socialweb Dev-Blog \/\/ Frank-IT-Beratung","description":"Social-Media und Web-Entwicklung: Tutorials und Tipps von Simon A. Frank","publisher":{"@id":"https:\/\/frank-it-projekte.de\/blog\/#\/schema\/person\/e31d0c55b9277739ef6c87d5e7bb47a2"},"potentialAction":[{"@type":"SearchAction","target":{"@type":"EntryPoint","urlTemplate":"https:\/\/frank-it-projekte.de\/blog\/?s={search_term_string}"},"query-input":{"@type":"PropertyValueSpecification","valueRequired":true,"valueName":"search_term_string"}}],"inLanguage":"de"},{"@type":["Person","Organization"],"@id":"https:\/\/frank-it-projekte.de\/blog\/#\/schema\/person\/e31d0c55b9277739ef6c87d5e7bb47a2","name":"Simon A. Frank","image":{"@type":"ImageObject","inLanguage":"de","@id":"https:\/\/frank-it-beratung.de\/blog\/wp-content\/uploads\/2009\/09\/simon200x200.jpg","url":"https:\/\/frank-it-beratung.de\/blog\/wp-content\/uploads\/2009\/09\/simon200x200.jpg","contentUrl":"https:\/\/frank-it-beratung.de\/blog\/wp-content\/uploads\/2009\/09\/simon200x200.jpg","width":200,"height":200,"caption":"Simon A. Frank"},"logo":{"@id":"https:\/\/frank-it-beratung.de\/blog\/wp-content\/uploads\/2009\/09\/simon200x200.jpg"}}]}},"jetpack_shortlink":"https:\/\/wp.me\/P2dxcw-1Y","jetpack_sharing_enabled":true,"_links":{"self":[{"href":"https:\/\/frank-it-projekte.de\/blog\/wp-json\/wp\/v2\/pages\/122","targetHints":{"allow":["GET"]}}],"collection":[{"href":"https:\/\/frank-it-projekte.de\/blog\/wp-json\/wp\/v2\/pages"}],"about":[{"href":"https:\/\/frank-it-projekte.de\/blog\/wp-json\/wp\/v2\/types\/page"}],"author":[{"embeddable":true,"href":"https:\/\/frank-it-projekte.de\/blog\/wp-json\/wp\/v2\/users\/2"}],"replies":[{"embeddable":true,"href":"https:\/\/frank-it-projekte.de\/blog\/wp-json\/wp\/v2\/comments?post=122"}],"version-history":[{"count":15,"href":"https:\/\/frank-it-projekte.de\/blog\/wp-json\/wp\/v2\/pages\/122\/revisions"}],"predecessor-version":[{"id":1606,"href":"https:\/\/frank-it-projekte.de\/blog\/wp-json\/wp\/v2\/pages\/122\/revisions\/1606"}],"wp:attachment":[{"href":"https:\/\/frank-it-projekte.de\/blog\/wp-json\/wp\/v2\/media?parent=122"}],"curies":[{"name":"wp","href":"https:\/\/api.w.org\/{rel}","templated":true}]}}